{"id":11,"date":"2021-06-01T17:02:05","date_gmt":"2021-06-01T20:02:05","guid":{"rendered":"https:\/\/mymendozawedding.com\/?page_id=11"},"modified":"2022-12-04T18:13:43","modified_gmt":"2022-12-04T21:13:43","slug":"quienes-somos","status":"publish","type":"page","link":"https:\/\/mymendozawedding.com\/en\/quienes-somos\/","title":{"rendered":"About Us"},"content":{"rendered":"<div data-elementor-type=\"wp-page\" data-elementor-id=\"11\" class=\"elementor elementor-11\" data-elementor-post-type=\"page\">\n\t\t\t\t\t\t<section class=\"elementor-section elementor-top-section elementor-element elementor-element-3717c14 elementor-section-boxed elementor-section-height-default elementor-section-height-default\" data-id=\"3717c14\" data-element_type=\"section\" data-e-type=\"section\">\n\t\t\t\t\t\t<div class=\"elementor-container elementor-column-gap-default\">\n\t\t\t\t\t<div class=\"elementor-column elementor-col-100 elementor-top-column elementor-element elementor-element-c6d2aa0\" data-id=\"c6d2aa0\" data-element_type=\"column\" data-e-type=\"column\">\n\t\t\t<div class=\"elementor-widget-wrap elementor-element-populated\">\n\t\t\t\t\t\t<div class=\"elementor-element elementor-element-c698fa6 elementor-widget elementor-widget-text-editor\" data-id=\"c698fa6\" data-element_type=\"widget\" data-e-type=\"widget\" data-widget_type=\"text-editor.default\">\n\t\t\t\t<div class=\"elementor-widget-container\">\n\t\t\t\t\t\t\t\t\t<p>My mendoza wedding specializes in organizing gorgeous destination weddings in Mendoza, Argentina. We are a team of professional wedding and event planners, who create unforgettable experiences for the couple and their guests, in an exclusive setting.<\/p>\t\t\t\t\t\t\t\t<\/div>\n\t\t\t\t<\/div>\n\t\t\t\t<div class=\"elementor-element elementor-element-6e587d4 elementor-widget-divider--view-line elementor-widget elementor-widget-divider\" data-id=\"6e587d4\" data-element_type=\"widget\" data-e-type=\"widget\" data-widget_type=\"divider.default\">\n\t\t\t\t<div class=\"elementor-widget-container\">\n\t\t\t\t\t\t\t<div class=\"elementor-divider\">\n\t\t\t<span class=\"elementor-divider-separator\">\n\t\t\t\t\t\t<\/span>\n\t\t<\/div>\n\t\t\t\t\t\t<\/div>\n\t\t\t\t<\/div>\n\t\t\t\t\t<\/div>\n\t\t<\/div>\n\t\t\t\t\t<\/div>\n\t\t<\/section>\n\t\t\t\t<section class=\"elementor-section elementor-top-section elementor-element elementor-element-f3228ba elementor-section-boxed elementor-section-height-default elementor-section-height-default\" data-id=\"f3228ba\" data-element_type=\"section\" data-e-type=\"section\">\n\t\t\t\t\t\t<div class=\"elementor-container elementor-column-gap-no\">\n\t\t\t\t\t<div class=\"elementor-column elementor-col-50 elementor-top-column elementor-element elementor-element-8617dc3\" data-id=\"8617dc3\" data-element_type=\"column\" data-e-type=\"column\">\n\t\t\t<div class=\"elementor-widget-wrap elementor-element-populated\">\n\t\t\t\t\t\t<div class=\"elementor-element elementor-element-1cbc1c0 elementor-widget elementor-widget-image\" data-id=\"1cbc1c0\" data-element_type=\"widget\" data-e-type=\"widget\" data-widget_type=\"image.default\">\n\t\t\t\t<div class=\"elementor-widget-container\">\n\t\t\t\t\t\t\t\t\t\t\t\t\t\t\t<img fetchpriority=\"high\" decoding=\"async\" width=\"682\" height=\"1024\" src=\"https:\/\/mymendozawedding.com\/wp-content\/uploads\/2022\/10\/Foto-Dolores.jpg\" class=\"attachment-full size-full wp-image-1432\" alt=\"\" srcset=\"https:\/\/mymendozawedding.com\/wp-content\/uploads\/2022\/10\/Foto-Dolores.jpg 682w, https:\/\/mymendozawedding.com\/wp-content\/uploads\/2022\/10\/Foto-Dolores-200x300.jpg 200w, https:\/\/mymendozawedding.com\/wp-content\/uploads\/2022\/10\/Foto-Dolores-8x12.jpg 8w\" sizes=\"(max-width: 682px) 100vw, 682px\" \/>\t\t\t\t\t\t\t\t\t\t\t\t\t\t\t<\/div>\n\t\t\t\t<\/div>\n\t\t\t\t\t<\/div>\n\t\t<\/div>\n\t\t\t\t<div class=\"elementor-column elementor-col-50 elementor-top-column elementor-element elementor-element-9ee351d\" data-id=\"9ee351d\" data-element_type=\"column\" data-e-type=\"column\">\n\t\t\t<div class=\"elementor-widget-wrap elementor-element-populated\">\n\t\t\t\t\t\t<div class=\"elementor-element elementor-element-80228fd animated-slow elementor-invisible elementor-widget elementor-widget-text-editor\" data-id=\"80228fd\" data-element_type=\"widget\" data-e-type=\"widget\" data-settings=\"{&quot;_animation&quot;:&quot;fadeInRight&quot;,&quot;_animation_mobile&quot;:&quot;none&quot;}\" data-widget_type=\"text-editor.default\">\n\t\t\t\t<div class=\"elementor-widget-container\">\n\t\t\t\t\t\t\t\t\t<p>Dolores Montero, a renowned Thematic Tours and Events planner brings the experience acquired at Tasting Mendoza \u2013 her first company \u2013 with the launch of My Mendoza Wedding, organizing the most memorable weddings for her clients.<\/p><p>Inspired by her passion for Mendoza and its charms and focused on the tastes and wishes of her clients, she will strategize with you and walk you through the planning and execution of your wedding, leaving no details, big and small to chance.<\/p><p>Dolores and My Mendoza Wedding will provide you with the best of the local gastronomy, wines, art, and culture of Mendoza so that you can experience the wedding of your dreams.<\/p><p>\u00a0<\/p>\t\t\t\t\t\t\t\t<\/div>\n\t\t\t\t<\/div>\n\t\t\t\t<div class=\"elementor-element elementor-element-d5d5029 elementor-widget elementor-widget-heading\" data-id=\"d5d5029\" data-element_type=\"widget\" data-e-type=\"widget\" data-widget_type=\"heading.default\">\n\t\t\t\t<div class=\"elementor-widget-container\">\n\t\t\t\t\t<h2 class=\"elementor-heading-title elementor-size-default\">Dolores Montero - Directora<\/h2>\t\t\t\t<\/div>\n\t\t\t\t<\/div>\n\t\t\t\t\t<\/div>\n\t\t<\/div>\n\t\t\t\t\t<\/div>\n\t\t<\/section>\n\t\t\t\t<\/div>","protected":false},"excerpt":{"rendered":"<p>My Mendoza Wedding se especializa en la organizaci\u00f3n de bodas de dise\u00f1o en Mendoza, Argentina. Somos un equipo de profesionales en organizaci\u00f3n de Bodas y Eventos, dedicados a crear una experiencia inolvidable para los novios y sus invitados, haci\u00e9ndolos vivir momentos \u00fanicos en un escenario exclusivo. Dolores Montero, reconocida organizadora de Tours y Eventos Tem\u00e1ticos, [&hellip;]<\/p>\n","protected":false},"author":2,"featured_media":0,"parent":0,"menu_order":0,"comment_status":"closed","ping_status":"closed","template":"","meta":{"footnotes":""},"class_list":["post-11","page","type-page","status-publish","hentry"],"_links":{"self":[{"href":"https:\/\/mymendozawedding.com\/en\/wp-json\/wp\/v2\/pages\/11","targetHints":{"allow":["GET"]}}],"collection":[{"href":"https:\/\/mymendozawedding.com\/en\/wp-json\/wp\/v2\/pages"}],"about":[{"href":"https:\/\/mymendozawedding.com\/en\/wp-json\/wp\/v2\/types\/page"}],"author":[{"embeddable":true,"href":"https:\/\/mymendozawedding.com\/en\/wp-json\/wp\/v2\/users\/2"}],"replies":[{"embeddable":true,"href":"https:\/\/mymendozawedding.com\/en\/wp-json\/wp\/v2\/comments?post=11"}],"version-history":[{"count":67,"href":"https:\/\/mymendozawedding.com\/en\/wp-json\/wp\/v2\/pages\/11\/revisions"}],"predecessor-version":[{"id":1458,"href":"https:\/\/mymendozawedding.com\/en\/wp-json\/wp\/v2\/pages\/11\/revisions\/1458"}],"wp:attachment":[{"href":"https:\/\/mymendozawedding.com\/en\/wp-json\/wp\/v2\/media?parent=11"}],"curies":[{"name":"wp","href":"https:\/\/api.w.org\/{rel}","templated":true}]}}