{"id":874,"date":"2021-06-03T19:12:03","date_gmt":"2021-06-03T22:12:03","guid":{"rendered":"https:\/\/mymendozawedding.com\/?page_id=874"},"modified":"2022-08-24T19:09:17","modified_gmt":"2022-08-24T22:09:17","slug":"inicio","status":"publish","type":"page","link":"https:\/\/mymendozawedding.com\/pt\/","title":{"rendered":"Home"},"content":{"rendered":"<div data-elementor-type=\"wp-page\" data-elementor-id=\"874\" class=\"elementor elementor-874\" data-elementor-post-type=\"page\">\n\t\t\t\t\t\t<section class=\"elementor-section elementor-top-section elementor-element elementor-element-80d7faa elementor-section-full_width elementor-section-height-default elementor-section-height-default\" data-id=\"80d7faa\" data-element_type=\"section\" data-e-type=\"section\">\n\t\t\t\t\t\t<div class=\"elementor-container elementor-column-gap-no\">\n\t\t\t\t\t<div class=\"elementor-column elementor-col-100 elementor-top-column elementor-element elementor-element-b0bd87f\" data-id=\"b0bd87f\" data-element_type=\"column\" data-e-type=\"column\">\n\t\t\t<div class=\"elementor-widget-wrap\">\n\t\t\t\t\t\t\t<\/div>\n\t\t<\/div>\n\t\t\t\t\t<\/div>\n\t\t<\/section>\n\t\t\t\t<section class=\"elementor-section elementor-top-section elementor-element elementor-element-a4f3c3c elementor-section-boxed elementor-section-height-default elementor-section-height-default\" data-id=\"a4f3c3c\" data-element_type=\"section\" data-e-type=\"section\">\n\t\t\t\t\t\t<div class=\"elementor-container elementor-column-gap-default\">\n\t\t\t\t\t<div class=\"elementor-column elementor-col-33 elementor-top-column elementor-element elementor-element-2fa1afe\" data-id=\"2fa1afe\" data-element_type=\"column\" data-e-type=\"column\">\n\t\t\t<div class=\"elementor-widget-wrap elementor-element-populated\">\n\t\t\t\t\t\t<div class=\"elementor-element elementor-element-a1143e1 elementor-widget elementor-widget-image\" data-id=\"a1143e1\" data-element_type=\"widget\" data-e-type=\"widget\" data-widget_type=\"image.default\">\n\t\t\t\t<div class=\"elementor-widget-container\">\n\t\t\t\t\t\t\t\t\t\t\t\t\t\t\t<img fetchpriority=\"high\" decoding=\"async\" width=\"500\" height=\"650\" src=\"https:\/\/mymendozawedding.com\/wp-content\/uploads\/2021\/06\/altar-1.jpeg\" class=\"attachment-full size-full wp-image-145\" alt=\"\" srcset=\"https:\/\/mymendozawedding.com\/wp-content\/uploads\/2021\/06\/altar-1.jpeg 500w, https:\/\/mymendozawedding.com\/wp-content\/uploads\/2021\/06\/altar-1-231x300.jpeg 231w\" sizes=\"(max-width: 500px) 100vw, 500px\" \/>\t\t\t\t\t\t\t\t\t\t\t\t\t\t\t<\/div>\n\t\t\t\t<\/div>\n\t\t\t\t<div class=\"elementor-element elementor-element-8f52ff5 elementor-invisible elementor-widget elementor-widget-heading\" data-id=\"8f52ff5\" data-element_type=\"widget\" data-e-type=\"widget\" data-settings=\"{&quot;_animation&quot;:&quot;fadeInUp&quot;}\" data-widget_type=\"heading.default\">\n\t\t\t\t<div class=\"elementor-widget-container\">\n\t\t\t\t\t<h3 class=\"elementor-heading-title elementor-size-default\">Um antigo ritual ganha novos ares nas montanhas de Mendoza. Entre o c\u00e9u e as vinhas, realizamos casamentos inesquec\u00edveis com o melhor da gastronomia local, um atendimento personalizado com o olhar em cada detalhe e uma inesgot\u00e1vel possibilidades de boas ideias.<\/h3>\t\t\t\t<\/div>\n\t\t\t\t<\/div>\n\t\t\t\t\t<\/div>\n\t\t<\/div>\n\t\t\t\t<div class=\"elementor-column elementor-col-33 elementor-top-column elementor-element elementor-element-6c1425c\" data-id=\"6c1425c\" data-element_type=\"column\" data-e-type=\"column\">\n\t\t\t<div class=\"elementor-widget-wrap elementor-element-populated\">\n\t\t\t\t\t\t<div class=\"elementor-element elementor-element-1bdca8e elementor-widget elementor-widget-image\" data-id=\"1bdca8e\" data-element_type=\"widget\" data-e-type=\"widget\" data-widget_type=\"image.default\">\n\t\t\t\t<div class=\"elementor-widget-container\">\n\t\t\t\t\t\t\t\t\t\t\t\t\t\t\t<img decoding=\"async\" width=\"500\" height=\"650\" src=\"https:\/\/mymendozawedding.com\/wp-content\/uploads\/2021\/06\/vin\u0303edos.jpeg\" class=\"attachment-full size-full wp-image-124\" alt=\"\" srcset=\"https:\/\/mymendozawedding.com\/wp-content\/uploads\/2021\/06\/vin\u0303edos.jpeg 500w, https:\/\/mymendozawedding.com\/wp-content\/uploads\/2021\/06\/vin\u0303edos-231x300.jpeg 231w\" sizes=\"(max-width: 500px) 100vw, 500px\" \/>\t\t\t\t\t\t\t\t\t\t\t\t\t\t\t<\/div>\n\t\t\t\t<\/div>\n\t\t\t\t<div class=\"elementor-element elementor-element-3f55490 elementor-invisible elementor-widget elementor-widget-heading\" data-id=\"3f55490\" data-element_type=\"widget\" data-e-type=\"widget\" data-settings=\"{&quot;_animation&quot;:&quot;fadeInUp&quot;}\" data-widget_type=\"heading.default\">\n\t\t\t\t<div class=\"elementor-widget-container\">\n\t\t\t\t\t<h3 class=\"elementor-heading-title elementor-size-default\">Sob o c\u00e9u azul da Cordilheira dos Andes, onde cresce o Malbec, uma das melhores variedades do mundo, voc\u00ea vai compartilhar com seus entes queridos um dia para ficar na mem\u00f3ria.<\/h3>\t\t\t\t<\/div>\n\t\t\t\t<\/div>\n\t\t\t\t\t<\/div>\n\t\t<\/div>\n\t\t\t\t<div class=\"elementor-column elementor-col-33 elementor-top-column elementor-element elementor-element-c462d50\" data-id=\"c462d50\" data-element_type=\"column\" data-e-type=\"column\">\n\t\t\t<div class=\"elementor-widget-wrap elementor-element-populated\">\n\t\t\t\t\t\t<div class=\"elementor-element elementor-element-cb77408 elementor-widget elementor-widget-image\" data-id=\"cb77408\" data-element_type=\"widget\" data-e-type=\"widget\" data-widget_type=\"image.default\">\n\t\t\t\t<div class=\"elementor-widget-container\">\n\t\t\t\t\t\t\t\t\t\t\t\t\t\t\t<img decoding=\"async\" width=\"500\" height=\"650\" src=\"https:\/\/mymendozawedding.com\/wp-content\/uploads\/2021\/06\/auto-1.jpeg\" class=\"attachment-full size-full wp-image-146\" alt=\"\" srcset=\"https:\/\/mymendozawedding.com\/wp-content\/uploads\/2021\/06\/auto-1.jpeg 500w, https:\/\/mymendozawedding.com\/wp-content\/uploads\/2021\/06\/auto-1-231x300.jpeg 231w\" sizes=\"(max-width: 500px) 100vw, 500px\" \/>\t\t\t\t\t\t\t\t\t\t\t\t\t\t\t<\/div>\n\t\t\t\t<\/div>\n\t\t\t\t<div class=\"elementor-element elementor-element-01d9922 elementor-invisible elementor-widget elementor-widget-heading\" data-id=\"01d9922\" data-element_type=\"widget\" data-e-type=\"widget\" data-settings=\"{&quot;_animation&quot;:&quot;fadeInUp&quot;}\" data-widget_type=\"heading.default\">\n\t\t\t\t<div class=\"elementor-widget-container\">\n\t\t\t\t\t<h3 class=\"elementor-heading-title elementor-size-default\">Compartilhamos o esp\u00edrito e as tradi\u00e7\u00f5es de Mendoza. Nesta terra long\u00ednqua da Am\u00e9rica do Sul, combinando passado e presente com seus gostos e valores, para que voc\u00ea possa viver uma experi\u00eancia \u00fanica mesmo a milhares de quil\u00f4metros de casa.<\/h3>\t\t\t\t<\/div>\n\t\t\t\t<\/div>\n\t\t\t\t\t<\/div>\n\t\t<\/div>\n\t\t\t\t\t<\/div>\n\t\t<\/section>\n\t\t\t\t<section class=\"elementor-section elementor-top-section elementor-element elementor-element-747000c elementor-section-boxed elementor-section-height-default elementor-section-height-default\" data-id=\"747000c\" data-element_type=\"section\" data-e-type=\"section\">\n\t\t\t\t\t\t<div class=\"elementor-container elementor-column-gap-default\">\n\t\t\t\t\t<div class=\"elementor-column elementor-col-100 elementor-top-column elementor-element elementor-element-c543682\" data-id=\"c543682\" data-element_type=\"column\" data-e-type=\"column\">\n\t\t\t<div class=\"elementor-widget-wrap\">\n\t\t\t\t\t\t\t<\/div>\n\t\t<\/div>\n\t\t\t\t\t<\/div>\n\t\t<\/section>\n\t\t\t\t<\/div>","protected":false},"excerpt":{"rendered":"<p>Un antiguo ritual toma nuevos aires en las monta\u00f1as de Mendoza. Entre cielo y vi\u00f1edos, creamos bodas inolvidables con lo mejor de la gastronom\u00eda local, un servicio personalizado con la mirada puesta en cada detalle y la inagotable propuesta de buenas ideas. Bajo el cielo azul de la cordillera de los Andes, en donde crece [&hellip;]<\/p>\n","protected":false},"author":3,"featured_media":0,"parent":0,"menu_order":0,"comment_status":"closed","ping_status":"closed","template":"elementor_theme","meta":{"footnotes":""},"class_list":["post-874","page","type-page","status-publish","hentry"],"_links":{"self":[{"href":"https:\/\/mymendozawedding.com\/pt\/wp-json\/wp\/v2\/pages\/874","targetHints":{"allow":["GET"]}}],"collection":[{"href":"https:\/\/mymendozawedding.com\/pt\/wp-json\/wp\/v2\/pages"}],"about":[{"href":"https:\/\/mymendozawedding.com\/pt\/wp-json\/wp\/v2\/types\/page"}],"author":[{"embeddable":true,"href":"https:\/\/mymendozawedding.com\/pt\/wp-json\/wp\/v2\/users\/3"}],"replies":[{"embeddable":true,"href":"https:\/\/mymendozawedding.com\/pt\/wp-json\/wp\/v2\/comments?post=874"}],"version-history":[{"count":16,"href":"https:\/\/mymendozawedding.com\/pt\/wp-json\/wp\/v2\/pages\/874\/revisions"}],"predecessor-version":[{"id":1375,"href":"https:\/\/mymendozawedding.com\/pt\/wp-json\/wp\/v2\/pages\/874\/revisions\/1375"}],"wp:attachment":[{"href":"https:\/\/mymendozawedding.com\/pt\/wp-json\/wp\/v2\/media?parent=874"}],"curies":[{"name":"wp","href":"https:\/\/api.w.org\/{rel}","templated":true}]}}